{"id":52,"date":"2023-06-08T20:52:28","date_gmt":"2023-06-08T20:52:28","guid":{"rendered":"http:\/\/www.korkmazogullarifistikcilik.com\/?page_id=52"},"modified":"2023-06-14T06:59:38","modified_gmt":"2023-06-14T06:59:38","slug":"hakkimizda","status":"publish","type":"page","link":"http:\/\/www.korkmazogullarifistikcilik.com\/?page_id=52","title":{"rendered":"Hakk\u0131m\u0131zda"},"content":{"rendered":"\n<blockquote class=\"wp-block-quote is-layout-flow wp-block-quote-is-layout-flow\">\n<p>      Firmam\u0131z\u0131n temeli ilk olarak, 1990 y\u0131l\u0131nda <strong>AL\u0130 KORKMAZ<\/strong>  ile Osmaniye&#8217;de at\u0131lm\u0131\u015ft\u0131r. <\/p>\n\n\n<div class=\"wp-block-image\">\n<figure class=\"alignright is-resized\"><img loading=\"lazy\" decoding=\"async\" src=\"http:\/\/www.korkmazogullarifistikcilik.com\/wp-content\/uploads\/2023\/06\/105580850138092.jpg\" alt=\"\" class=\"wp-image-72\" width=\"151\" height=\"126\" srcset=\"http:\/\/www.korkmazogullarifistikcilik.com\/wp-content\/uploads\/2023\/06\/105580850138092.jpg 475w, http:\/\/www.korkmazogullarifistikcilik.com\/wp-content\/uploads\/2023\/06\/105580850138092-300x250.jpg 300w\" sizes=\"auto, (max-width: 151px) 100vw, 151px\" \/><\/figure>\n<\/div>\n\n\n<p>      Osmaniye\u2019de \u00fcretim, toptan sat\u0131\u015f ve pazarlama g\u00f6revini s\u00fcrd\u00fcrerek ,2023 y\u0131l\u0131nda <strong>Korkmazo\u011fullar\u0131 F\u0131st\u0131k\u00e7\u0131l\u0131k Sanayi ve Ticaret Limited \u015eirketi<\/strong> kurulmu\u015f ve Osmaniye\u2019deki tesislerinde \u00e7al\u0131\u015fmalar\u0131na devam edilmektedir. <\/p>\n<\/blockquote>\n\n\n\n<blockquote class=\"wp-block-quote is-layout-flow wp-block-quote-is-layout-flow\">\n<p>      Tesisimizde hijyenik ortamda i\u015flenen yer f\u0131st\u0131\u011f\u0131 ba\u015fta kuruyemi\u015f ve bir \u00e7ok g\u0131da sekt\u00f6r\u00fcndeki tesislerin tedari\u011fini sa\u011flamaktad\u0131r. Yer f\u0131st\u0131\u011f\u0131 bir \u00e7ok t\u00fcrde i\u015flenerek, paketli veya \u00e7uvall\u0131 olarak kuruyemi\u015f\u00e7i ve marketler kanal\u0131yla son t\u00fcketiciye ula\u015ft\u0131r\u0131lmaktad\u0131r.<\/p>\n<\/blockquote>\n\n\n\n<p><\/p>\n\n\n\n<p><strong>      Korkmazo\u011fullar\u0131 F\u0131st\u0131k\u00e7\u0131l\u0131k, g\u0131da sicili ve \u00fcretim izin belgelerine\u00a0\u00a0sahip ve \u015fu anda da T\u00fcrk G\u0131da Kodeksi\u2019ne uygun \u00fcretimini son teknoloji makineler arac\u0131l\u0131\u011f\u0131yla hijyenik ortamda\u00a0ger\u00e7ekle\u015ftirmektedir.<br>\u00a0\u00a0\u00a0 Tesisimiz yerf\u0131st\u0131\u011f\u0131n\u0131 hammadde olarak al\u0131p k\u0131rma, eleme,\u00a0se\u00e7me,kalibrasyon ve \u00e7uvallama i\u015flemlerine girdirmektedir.\u00a0\u00a0<br>\u00a0\u00a0\u00a0\u00a0Korkmazo\u011fullar\u0131 vizyonu \u201cyenili\u011fin temsilcisi ve kalitede istikrar\u0131n ad\u0131\u201d olarak, \u201cSa\u011fl\u0131kl\u0131 G\u0131da T\u00fcketimine de\u011fer katan\u201d misyonu ile m\u00fc\u015fterilerine hizmet vermektedir.<\/strong><\/p>\n\n\n\n<p><\/p>\n\n\n\n<p><\/p>\n","protected":false},"excerpt":{"rendered":"<p>Tesisimizde hijyenik ortamda i\u015flenen yer f\u0131st\u0131\u011f\u0131 ba\u015fta kuruyemi\u015f ve bir \u00e7ok g\u0131da sekt\u00f6r\u00fcndeki tesislerin tedari\u011fini sa\u011flamaktad\u0131r. Yer f\u0131st\u0131\u011f\u0131 bir \u00e7ok t\u00fcrde i\u015flenerek, paketli veya \u00e7uvall\u0131 olarak kuruyemi\u015f\u00e7i ve marketler kanal\u0131yla son t\u00fcketiciye ula\u015ft\u0131r\u0131lmaktad\u0131r. Korkmazo\u011fullar\u0131 F\u0131st\u0131k\u00e7\u0131l\u0131k, g\u0131da sicili ve \u00fcretim izin belgelerine\u00a0\u00a0sahip ve \u015fu anda da T\u00fcrk G\u0131da Kodeksi\u2019ne uygun \u00fcretimini son teknoloji makineler arac\u0131l\u0131\u011f\u0131yla hijyenik<\/p>\n<div class=\"more-link\">\n\t\t\t\t <a href=\"http:\/\/www.korkmazogullarifistikcilik.com\/?page_id=52\" class=\"btn theme-btn inverted\"><span>Read More <\/span><\/a>\n\t\t\t<\/div>\n","protected":false},"author":1,"featured_media":0,"parent":0,"menu_order":0,"comment_status":"closed","ping_status":"closed","template":"","meta":{"footnotes":""},"class_list":["post-52","page","type-page","status-publish","hentry"],"_links":{"self":[{"href":"http:\/\/www.korkmazogullarifistikcilik.com\/index.php?rest_route=\/wp\/v2\/pages\/52","targetHints":{"allow":["GET"]}}],"collection":[{"href":"http:\/\/www.korkmazogullarifistikcilik.com\/index.php?rest_route=\/wp\/v2\/pages"}],"about":[{"href":"http:\/\/www.korkmazogullarifistikcilik.com\/index.php?rest_route=\/wp\/v2\/types\/page"}],"author":[{"embeddable":true,"href":"http:\/\/www.korkmazogullarifistikcilik.com\/index.php?rest_route=\/wp\/v2\/users\/1"}],"replies":[{"embeddable":true,"href":"http:\/\/www.korkmazogullarifistikcilik.com\/index.php?rest_route=%2Fwp%2Fv2%2Fcomments&post=52"}],"version-history":[{"count":3,"href":"http:\/\/www.korkmazogullarifistikcilik.com\/index.php?rest_route=\/wp\/v2\/pages\/52\/revisions"}],"predecessor-version":[{"id":78,"href":"http:\/\/www.korkmazogullarifistikcilik.com\/index.php?rest_route=\/wp\/v2\/pages\/52\/revisions\/78"}],"wp:attachment":[{"href":"http:\/\/www.korkmazogullarifistikcilik.com\/index.php?rest_route=%2Fwp%2Fv2%2Fmedia&parent=52"}],"curies":[{"name":"wp","href":"https:\/\/api.w.org\/{rel}","templated":true}]}}